{"id":1794,"date":"2025-11-19T16:06:38","date_gmt":"2025-11-19T15:06:38","guid":{"rendered":"https:\/\/relaunch.8ninjas.io\/impressum\/"},"modified":"2025-11-30T20:31:41","modified_gmt":"2025-11-30T19:31:41","slug":"impressum","status":"publish","type":"page","link":"https:\/\/8ninjas.io\/de\/impressum\/","title":{"rendered":"Impressum"},"content":{"rendered":"\t\t<div data-elementor-type=\"wp-page\" data-elementor-id=\"1794\" class=\"elementor elementor-1794 elementor-1639\" data-elementor-post-type=\"page\">\n\t\t\t\t<div class=\"elementor-element elementor-element-6340ba0 thegem-e-con-layout-thegem e-flex e-con-boxed e-con e-parent\" data-id=\"6340ba0\" data-element_type=\"container\" data-e-type=\"container\" data-settings=\"{&quot;thegem_container_layout&quot;:&quot;thegem&quot;}\">\r\n\t\t\t\t\t<div class=\"e-con-inner\">\r\n\t\t\t\t<div class=\"elementor-element elementor-element-1fe5ef6 flex-horizontal-align-default flex-horizontal-align-tablet-default flex-horizontal-align-mobile-default flex-vertical-align-default flex-vertical-align-tablet-default flex-vertical-align-mobile-default elementor-widget elementor-widget-text-editor\" data-id=\"1fe5ef6\" data-element_type=\"widget\" data-e-type=\"widget\" data-widget_type=\"text-editor.default\">\n\t\t\t\t\t\t\t\t\t\t\t\t<div class=\"elementor-text-editor elementor-clearfix\">\r\n\t\t\t\t\t\t<h1 data-start=\"192\" data-end=\"207\"><strong data-start=\"194\" data-end=\"207\">Impressum<\/strong><\/h1><h2 data-start=\"209\" data-end=\"254\"><strong data-start=\"212\" data-end=\"254\">Informationen gem\u00e4\u00df \u00a7 5 TMG<\/strong><\/h2><p data-start=\"256\" data-end=\"315\"><strong data-start=\"256\" data-end=\"272\">8Ninjas GmbH<\/strong><br data-start=\"272\" data-end=\"275\">Barthstra\u00dfe 4<br data-start=\"288\" data-end=\"291\">80339 M\u00fcnchen<br data-start=\"303\" data-end=\"306\">Deutschland<\/p><p data-start=\"317\" data-end=\"355\">Vertreten durch:<br data-start=\"332\" data-end=\"335\"><strong data-start=\"335\" data-end=\"355\">Herrn Michael Brode<\/strong><\/p><h3 data-start=\"357\" data-end=\"372\"><strong data-start=\"361\" data-end=\"372\">Kontakt<\/strong><\/h3><p data-start=\"373\" data-end=\"432\">Telefon: +49 89 99 74 37 03 0<br data-start=\"404\" data-end=\"407\">E-Mail: <a class=\"decorated-link cursor-pointer\" rel=\"noopener\" data-start=\"415\" data-end=\"430\">info@8ninjas.io<\/a><\/p><hr data-start=\"434\" data-end=\"437\"><h2 data-start=\"439\" data-end=\"471\"><strong data-start=\"442\" data-end=\"471\">Handelsregistereintrag<\/strong><\/h2><p data-start=\"473\" data-end=\"602\">Eintragung im Handelsregister.<br data-start=\"511\" data-end=\"514\">Registergericht: Amtsgericht M\u00fcnchen<br data-start=\"562\" data-end=\"565\">Registernummer: <strong data-start=\"586\" data-end=\"600\">HRB 210051<\/strong><\/p><p data-start=\"604\" data-end=\"679\">Umsatzsteuer-Identifikationsnummer gem\u00e4\u00df \u00a7 27a Umsatzsteuergesetz: <strong data-start=\"664\" data-end=\"679\">DE293535125<\/strong><\/p><hr data-start=\"681\" data-end=\"684\"><h2 data-start=\"686\" data-end=\"740\"><strong data-start=\"689\" data-end=\"740\">Verantwortlich f\u00fcr den Inhalt nach \u00a7 55 Abs. 2 RStV <\/strong><\/h2><p data-start=\"741\" data-end=\"791\"><strong data-start=\"741\" data-end=\"758\">Michael Brode<\/strong><br data-start=\"758\" data-end=\"761\">Barthstra\u00dfe 4<br data-start=\"774\" data-end=\"777\">80339 M\u00fcnchen<\/p><hr data-start=\"793\" data-end=\"796\"><h2 data-start=\"798\" data-end=\"833\"><strong data-start=\"801\" data-end=\"833\">EU-Online-Streitbeilegung<\/strong><\/h2><p data-start=\"835\" data-end=\"951\">Die Europ\u00e4ische Kommission stellt eine Plattform zur Online-Streitbeilegung (OS) bereit:<br data-start=\"915\" data-end=\"918\"><a class=\"decorated-link\" href=\"http:\/\/ec.europa.eu\/consumers\/odr\" target=\"_new\" rel=\"noopener\" data-start=\"918\" data-end=\"951\">http:\/\/ec.europa.eu\/consumers\/odr<\/a><\/p><p data-start=\"953\" data-end=\"1013\">Unsere E-Mail-Adresse finden Sie in den obigen Kontaktdaten.<\/p><p data-start=\"1015\" data-end=\"1134\">Wir sind weder bereit noch verpflichtet, an Streitbeilegungsverfahren vor einer Verbraucherschlichtungsstelle teilzunehmen.<\/p><p data-start=\"1136\" data-end=\"1201\">Kontakt zum Datenschutzbeauftragten:<br data-start=\"1168\" data-end=\"1171\">E-Mail: <a class=\"decorated-link cursor-pointer\" rel=\"noopener\" data-start=\"1179\" data-end=\"1201\">datenschutz@8ninjas.io<\/a><\/p><hr data-start=\"1203\" data-end=\"1206\"><h2 data-start=\"1208\" data-end=\"1236\"><strong data-start=\"1211\" data-end=\"1236\">Haftung f\u00fcr Inhalte<\/strong><\/h2><p data-start=\"1238\" data-end=\"1536\">Als Diensteanbieter sind wir gem\u00e4\u00df \u00a7 7 Abs. 1 TMG f\u00fcr eigene Inhalte auf diesen Seiten nach den allgemeinen Gesetzen verantwortlich. Nach \u00a7\u00a7 8 bis 10 TMG sind wir jedoch <strong data-start=\"1405\" data-end=\"1420\">nicht verpflichtet<\/strong>, \u00fcbermittelte oder gespeicherte fremde Informationen zu \u00fcberwachen oder Umst\u00e4nde zu erforschen, die auf eine rechtswidrige T\u00e4tigkeit hinweisen. <\/p><p data-start=\"1538\" data-end=\"1829\">Verpflichtungen zur Entfernung oder Sperrung der Nutzung von Informationen nach den allgemeinen Gesetzen bleiben hiervon unber\u00fchrt. Eine diesbez\u00fcgliche Haftung ist jedoch erst ab dem Zeitpunkt der Kenntnis einer konkreten Rechtsverletzung m\u00f6glich. Bei Bekanntwerden von entsprechenden Rechtsverletzungen werden wir diese Inhalte umgehend entfernen.  <\/p><hr data-start=\"1831\" data-end=\"1834\"><h2 data-start=\"1836\" data-end=\"1862\"><strong data-start=\"1839\" data-end=\"1862\">Haftung f\u00fcr Links<\/strong><\/h2><p data-start=\"1864\" data-end=\"2136\">Unsere Website enth\u00e4lt Links zu externen Websites Dritter, auf deren Inhalte wir keinen Einfluss haben. Daher k\u00f6nnen wir f\u00fcr diese fremden Inhalte auch keine Haftung \u00fcbernehmen. F\u00fcr die Inhalte der verlinkten Seiten ist stets der jeweilige Anbieter oder Betreiber der Seiten verantwortlich.  <\/p><p data-start=\"2138\" data-end=\"2477\">Die verlinkten Seiten wurden zum Zeitpunkt der Verlinkung auf m\u00f6gliche Rechtsverst\u00f6\u00dfe \u00fcberpr\u00fcft. Rechtswidrige Inhalte waren zum Zeitpunkt der Verlinkung nicht erkennbar. Eine permanente inhaltliche Kontrolle der verlinkten Seiten ist jedoch ohne konkrete Anhaltspunkte einer Rechtsverletzung nicht zumutbar. Bei Bekanntwerden von Rechtsverletzungen werden wir derartige Links umgehend entfernen.   <\/p><hr data-start=\"2479\" data-end=\"2482\"><h2 data-start=\"2484\" data-end=\"2500\"><strong data-start=\"2487\" data-end=\"2500\">Urheberrecht<\/strong><\/h2><p data-start=\"2502\" data-end=\"2769\">Die von den Seitenbetreibern erstellten Inhalte und Werke auf diesen Seiten unterliegen dem deutschen Urheberrecht. Die Vervielf\u00e4ltigung, Bearbeitung, Verbreitung und jede Art der Verwertung au\u00dferhalb der Grenzen des Urheberrechtes bed\u00fcrfen der vorherigen schriftlichen Zustimmung des jeweiligen Autors bzw. Erstellers.<\/p><p data-start=\"2771\" data-end=\"2856\">Downloads und Kopien dieser Seite sind nur f\u00fcr den privaten, nicht kommerziellen Gebrauch gestattet.<\/p><p data-start=\"2858\" data-end=\"3154\">Soweit die Inhalte auf dieser Seite nicht vom Betreiber erstellt wurden, werden die Urheberrechte Dritter beachtet. Inhalte Dritter sind als solche gekennzeichnet. Sollten Sie trotzdem auf eine Urheberrechtsverletzung aufmerksam werden, bitten wir um einen entsprechenden Hinweis. Bei Bekanntwerden von Rechtsverletzungen werden wir derartige Inhalte umgehend entfernen.<\/p>\t\t\t\t\t\t\t<\/div>\r\n\t\t\t\t\t\t\t\t\t\t<\/div>\n\t\t\t\t\t<\/div>\n\t\t\t\t<\/div>\n\t\t\t\t<\/div>\n\t\t","protected":false},"excerpt":{"rendered":"<p>Impressum Informationen gem\u00e4\u00df \u00a7 5 TMG 8Ninjas GmbHBarthstra\u00dfe 480339 M\u00fcnchenDeutschland Vertreten durch:Herrn Michael Brode Kontakt Telefon: +49 89 99 74&#8230;<\/p>\n","protected":false},"author":2,"featured_media":0,"parent":0,"menu_order":0,"comment_status":"closed","ping_status":"closed","template":"page-fullwidth.php","meta":{"footnotes":""},"class_list":["post-1794","page","type-page","status-publish"],"_links":{"self":[{"href":"https:\/\/8ninjas.io\/de\/wp-json\/wp\/v2\/pages\/1794","targetHints":{"allow":["GET"]}}],"collection":[{"href":"https:\/\/8ninjas.io\/de\/wp-json\/wp\/v2\/pages"}],"about":[{"href":"https:\/\/8ninjas.io\/de\/wp-json\/wp\/v2\/types\/page"}],"author":[{"embeddable":true,"href":"https:\/\/8ninjas.io\/de\/wp-json\/wp\/v2\/users\/2"}],"replies":[{"embeddable":true,"href":"https:\/\/8ninjas.io\/de\/wp-json\/wp\/v2\/comments?post=1794"}],"version-history":[{"count":1,"href":"https:\/\/8ninjas.io\/de\/wp-json\/wp\/v2\/pages\/1794\/revisions"}],"predecessor-version":[{"id":1795,"href":"https:\/\/8ninjas.io\/de\/wp-json\/wp\/v2\/pages\/1794\/revisions\/1795"}],"wp:attachment":[{"href":"https:\/\/8ninjas.io\/de\/wp-json\/wp\/v2\/media?parent=1794"}],"curies":[{"name":"wp","href":"https:\/\/api.w.org\/{rel}","templated":true}]}}